{"id":621,"date":"2018-05-25T07:26:32","date_gmt":"2018-05-25T05:26:32","guid":{"rendered":"http:\/\/www.vir.nrw.de\/?page_id=621"},"modified":"2018-05-25T08:22:29","modified_gmt":"2018-05-25T06:22:29","slug":"datenschutzerklaerung","status":"publish","type":"page","link":"https:\/\/www.vir.nrw.de\/?page_id=621","title":{"rendered":"Datenschutzerkl\u00e4rung"},"content":{"rendered":"<p><strong>Hinweis zum Datenschutz<\/strong><\/p>\n<p>Bei jedem Zugriff auf Inhalte dieses Internetangebots werden folgende Daten gespeichert:<\/p>\n<ul>\n<li>Name der angeforderten Datei,<\/li>\n<li>Datum und Uhrzeit der Anforderung,<\/li>\n<li>\u00dcbertragene Datenmenge,<\/li>\n<li>Fehlerstatus und<\/li>\n<li>IP-Adresse des anfordernden Rechners.<\/li>\n<\/ul>\n<p>Nach Ablauf von sechs Wochen werden die Zugriffdaten anonymisiert, indem die IP-Adresse in den betreffenden Datens\u00e4tzen gel\u00f6scht wird.<\/p>\n<p>Die gespeicherten Daten werden ausschlie\u00dflich f\u00fcr statistische Zwecke verwendet. Die Daten werden weder komplett noch in Ausz\u00fcgen an Dritte weitergegeben. Ein Abgleich mit anderen Datenbest\u00e4nden findet nicht statt.<\/p>\n<p>Sofern innerhalb des Internetangebots die M\u00f6glichkeit zur Eingabe pers\u00f6nlicher oder gesch\u00e4ftlicher Daten (E-Mail-Adressen, Namen, Anschriften) besteht, erfolgt die Preisgabe dieser Daten seitens des Nutzers auf ausdr\u00fccklich freiwilliger Basis. Auch hier werden Ihre Daten vertraulich behandelt und nicht an Dritte weitergegeben.<\/p>\n<p>Die Website des Ministeriums verwendet keine Cookies. Es werden auch keine anderen Techniken eingesetzt, die R\u00fcckschl\u00fcsse auf das Zugriffsverhalten von Nutzerinnen und Nutzern erm\u00f6glichen.<\/p>\n<p>Allgemeines zum Thema Datenschutz finden Sie auf der Website des Landesbeauftragten f\u00fcr Datenschutz NRW www.lfd.nrw.de.<\/p>\n<p>Das Gesetz \u00fcber die Nutzung von Telediensten finden Sie unter der Adresse bundesrecht.juris.de\/bundesrecht\/tdg.<\/p>\n<p><strong><br \/>\nExterne Links<\/strong><\/p>\n<p>Dieses Internet-Angebot enth\u00e4lt Links zu Web-Angeboten, die au\u00dferhalb der Verantwortlichkeit des Ministeriums bereitgestellt werden. Sie erkennen diese externen Verweise an dem Symbol oder an den ausdr\u00fccklichen Hinweisen auf der jeweiligen Seite. Zudem werden externe Seiten in einem eigenen Browserfenster ge\u00f6ffnet.<\/p>\n<p>Bei der erstmaligen Verkn\u00fcpfung entsprechender Angebote pr\u00fcfen wir die fremden Inhalte daraufhin, ob durch sie eine m\u00f6gliche zivilrechtliche oder strafrechtliche Verantwortlichkeit ausgel\u00f6st wird. Verweise f\u00fcgen wir nur dann auf unseren Seiten ein, wenn zum Zeitpunkt der Verkn\u00fcpfung keine Bedenken in der oben genannten Hinsicht bestehen.<\/p>\n<p>Die verlinkten Angebote k\u00f6nnen sich jedoch dynamisch \u00e4ndern. Eine Verpflichtung, auch diese \u00c4nderungen auf zivilrechtliche oder strafrechtliche Belange zu pr\u00fcfen, besteht nicht. Falls Ihnen ein m\u00f6glicher zivilrechtlicher oder strafrechtlicher Versto\u00df in den verlinkten Angeboten auff\u00e4llt, w\u00e4ren wir f\u00fcr einen entsprechenden Hinweis dankbar.<\/p>\n<p><strong><br \/>\nUrheberrecht<\/strong><\/p>\n<p>Die Inhalte der Internetseiten des nordrhein-westf\u00e4lischen Ministeriums sind urheberrechtlich gesch\u00fctzt. Dies gilt f\u00fcr Wappen, Fotos bzw. Grafiken und Logos sowie f\u00fcr alle Texte und Daten.<\/p>\n<p>Die Informationen unseres Online-Angebotes werden st\u00e4ndig aktualisiert. Trotz sorgf\u00e4ltiger Bearbeitung k\u00f6nnen sich Daten ver\u00e4ndert haben oder Fehler aufgetreten sein. Hierf\u00fcr bitten wir um Verst\u00e4ndnis. Eine Haftung oder Garantie f\u00fcr die Aktualit\u00e4t oder Richtigkeit der ins Internet-Angebot eingestellten Informationen kann nicht \u00fcbernommen werden.<\/p>\n<p><strong><br \/>\nHinweise zur Nutzung des Angebots<\/strong><\/p>\n<p>Das Ministerium erstellt die Informationen f\u00fcr den Internetauftritt mit gro\u00dfer Sorgfalt und ist darum bem\u00fcht, Aktualit\u00e4t, Korrektheit und Vollst\u00e4ndigkeit sicherzustellen. Die Inhalte des Internetangebotes sind vornehmlich zur allgemeinen Information bestimmt und stellen keine gesch\u00e4ftliche, rechtliche oder sonstige Beratungsdienstleistung dar.<\/p>\n<p>Das Ministerium haftet nicht f\u00fcr etwaige Sch\u00e4den materieller oder ideeller Art, die durch Nutzung des Dienstes verursacht werden, soweit sie nicht nachweislich durch Vorsatz oder grobe Fahrl\u00e4ssigkeit verschuldet sind.<br \/>\nSoweit im Internetauftritt Gesetze, Verordnungen und Erlasse ver\u00f6ffentlich werden, sind diese sorgf\u00e4ltig zusammengestellt, erheben aber keinen Anspruch auf Aktualit\u00e4t beziehungsweise Vollst\u00e4ndigkeit. Rechtsverbindlich ist die aktuelle Fassung, die in den einschl\u00e4gigen Verk\u00fcndungsmedien (insbesondere Gesetz- und Verordnungsblatt des Landes Nordrhein-Westfalen, Ministerialblatt) bekannt gemacht worden ist.<\/p>\n<p>Vom Internetauftritt des Innenministeriums wird ggfs. auf andere Angebote im Internet verwiesen. Die Inhalte der verlinkten Internetseiten sind unter anderem von Institutionen und\/oder Unternehmen gestaltet, auf die das Ministerium keinen Einfluss hat. Das Ministerium macht sich die dort aufgef\u00fchrten Inhalte nicht zu Eigen. Wir setzen unsere Links auf fremde Internetangebote stets mit der erforderlichen Sorgfalt, sollten Sie aber auf Internetangeboten, auf die verwiesen wird, bedenkliche oder rechtswidrige Inhalte feststellen, ist das Ministerium f\u00fcr einen entsprechenden Hinweis dankbar.<\/p>\n<p>Zus\u00e4tzlich weisen wir daraufhin, dass Teile der Internetseiten oder der gesamte Internetauftritt ohne gesonderte Ank\u00fcndigung ver\u00e4ndert, erg\u00e4nzt oder gel\u00f6scht werden k\u00f6nnen. Auch die vor\u00fcbergehende oder endg\u00fcltige Beendigung der Ver\u00f6ffentlichung ist ohne Ank\u00fcndigung m\u00f6glich.<\/p>\n<p><strong><br \/>\nUrheber- und Kennzeichenrecht<\/strong><\/p>\n<p>Alle Seiten dieses Angebotes unterliegen grunds\u00e4tzlich dem Urheberrecht. Bezogen auf Inhalte gilt dies nicht f\u00fcr Inhalte, die den Regelungen des \u00a7 5 Abs. 1 und Abs. 2 UrhG unterliegen. Auf \u00a7 5 Abs. 3 UrhG wird an dieser Stelle hingewiesen.<\/p>\n<p>Wir empfehlen bei Interesse an der Nutzung von Inhalten der Seiten die Kontaktaufnahme mit der Redaktion: kontakt.verfassungsschutz@im1.nrw.de<\/p>\n<p>Bilder, Grafiken, Videos, Ton-, Text- oder \u00e4hnliche Informationsangebote auf den Seiten oder innerhalb von Dateien bzw. innerhalb anderer Produkte k\u00f6nnen ganz oder teilweise dem Urheberrecht Dritter unterliegen.<\/p>\n<p>Alle innerhalb der Internetseite genannten und gegebenenfalls durch Dritte gesch\u00fctzten Marken- und Warenzeichen unterliegen uneingeschr\u00e4nkt den Bestimmungen des jeweils g\u00fcltigen Kennzeichenrechts und den Besitzrechten des jeweilig eingetragenen Eigent\u00fcmers. Allein aufgrund der blo\u00dfen Nennung auf der Internetseite ist nicht der Schluss zu ziehen, dass Marken- oder Warenzeichen nicht durch Rechte Dritter gesch\u00fctzt sind.<\/p>\n<p>Eine Verwendung oder Vervielf\u00e4ltigung solcher Inhalte oder Teilen davon in anderen elektronischen oder gedruckten Publikationen und deren Ver\u00f6ffentlichung ist nur nach vorheriger Genehmigung der entsprechenden Dritten gestattet. Das betrifft auch die Verwendung im Internet.<br \/>\nDie Genehmigung zur Publikation oder anderweitigen Ver\u00f6ffentlichung oder Nutzung von redaktionellen Inhalten, Bildern, Grafiken, Videos, Ton- oder \u00e4hnlichen Informationsangeboten des Internetangebotes, f\u00fcr die das Ministerium den urheberrechtlichen Schutz genie\u00dft, kann die Redaktion erteilen.<\/p>\n<p>Es empfiehlt sich, in jedem Einzelfall den Kontakt mit der Redaktion des Ministeriums aufzunehmen: kontakt.verfassungsschutz@im1.nrw.de<\/p>\n<div class=\"normal-page__content-paragraphs\">\n<div class=\"paragraph text default clearfix\">\n<div class=\"paragraph__content\">\n<p><strong><br \/>\nDatenschutzbeauftragter<\/strong><br \/>\nDen Datenschutzbeauftragten des Ministeriums des Innern des Landes Nordrhein-Westfalen erreichen Sie per Mail unter <a class=\"spamspan\" href=\"mailto:datenschutzbeauftragter@im.nrw.de\">datenschutzbeauftragter(at)im.nrw.de<\/a> oder \u00fcber die Adresse:<\/p>\n<p>Ministerium des Innern des Landes Nordrhein-Westfalen<br \/>\nBeh\u00f6rdlicher Datenschutzbeauftragter<br \/>\nFriedrichstra\u00dfe 62 &#8211; 80<br \/>\n40217 D\u00fcsseldorf<br \/>\nTelefon +49 (0) 211-871-01<br \/>\nTelefax +49 (0) 211-871-3355<\/p>\n<p><strong><br \/>\nIhre Rechte als Nutzer<\/strong><\/p>\n<p>Sie haben gegen\u00fcber uns folgende Rechte hinsichtlich der Sie betreffenden personenbezogenen Daten:<\/p>\n<ul>\n<li>Recht auf Auskunft,<\/li>\n<li>Recht auf Berichtigung oder L\u00f6schung,<\/li>\n<li>Recht auf Einschr\u00e4nkung der Verarbeitung,<\/li>\n<li>Recht auf Widerspruch gegen die Verarbeitung,<\/li>\n<li>Recht auf Daten\u00fcbertragbarkeit.<\/li>\n<\/ul>\n<p>Wenden Sie sich bitte dazu per Mail \u00fcber das Postfach<a href=\"mailto:kontakt.verfassungsschutz@im1.nrw.de\">kontakt.verfassungsschutz@im1.nrw.de<\/a> oder schriftlich \u00fcber die im <a href=\"https:\/\/www.vir.nrw.de\/?page_id=13\">Impressum\u00a0<\/a>angegebene Adresse an die Online-Redaktion.<\/p>\n<p>Sie haben zudem das Recht, sich bei der Landesbeauftragten f\u00fcr Datenschutz und Informationsfreiheit des Landes Nordrhein-Westfalen (<a href=\"https:\/\/www.ldi.nrw.de\/\" target=\"_blank\" rel=\"noopener\">www.ldi.nrw.de<\/a>) \u00fcber die Verarbeitung Ihrer personenbezogenen Daten durch uns zu beschweren.<\/p>\n<p><strong><br \/>\nHinweis zum Datenschutz<\/strong><br \/>\nBei der Nutzung unseres Informationsangebotes werden personenbezogene Daten erhoben. Dies ist schon aus technischen Gr\u00fcnden erforderlich, um Ihnen alle Funktionalit\u00e4ten unserer Website und die Sicherheit unseres Angebotes zu gew\u00e4hrleisten (Rechtsgrundlage ist Art. 6 Abs. 1 S. 1 lit. e DSGVO).<\/p>\n<p><strong>Protokoll- oder Log-Dateien<\/strong><br \/>\nDas Internetangebot des Ministeriums wird bei IT.NRW gehostet.<br \/>\nLandesbetrieb Information und Technik Nordrhein-Westfalen (IT.NRW)<br \/>\nMauerstra\u00dfe 51<br \/>\n40476 D\u00fcsseldorf<br \/>\nTelefon: 0211 9449-01<br \/>\nTelefax: 0211 9449-8000<\/p>\n<p>Bei jedem Zugriff auf Inhalte des Internetangebotes werden dort vor\u00fcbergehend Daten \u00fcber so genannte Protokoll- oder Log-Dateien gespeichert, die m\u00f6glicherweise eine Identifizierung zulassen. Die folgenden Daten werden bei jedem Aufruf der Internetseite erhoben:<\/p>\n<ul>\n<li>Datum und Uhrzeit des Abrufs<\/li>\n<li>Name des aufgerufenen Internetdienstes, der aufgerufenen Ressource und der verwendeten Aktion<\/li>\n<li>Abfrage, die der Client gestellt hat<\/li>\n<li>\u00fcbertragene Datenmenge<\/li>\n<li>Meldung, ob der Abruf erfolgreich war<\/li>\n<li>IP-Adresse des aufrufenden Rechners<\/li>\n<li>Clientinformationen (u.a. Browser, Betriebssystem)<\/li>\n<\/ul>\n<p>Diese Daten aus den Protokoll- bzw. Logdateien dienen\u00a0 zur Abwehr und Analyse von Angriffen auf das Portal und werden bis zu 48 Stunden direkt und ausschlie\u00dflich f\u00fcr Administratoren zug\u00e4nglich aufbewahrt. Danach sind sie nur noch indirekt \u00fcber die Rekonstruktion von Sicherungsb\u00e4ndern verf\u00fcgbar und werden nach sechs Wochen endg\u00fcltig gel\u00f6scht.<\/p>\n<p><strong>Kontaktaufnahme per E-Mail<\/strong><br \/>\nF\u00fcr Ihre Kontaktaufnahme mit dem Ministerium bieten wir Ihnen verschiedene Zugangsm\u00f6glichkeiten \u00fcber Kontaktformulare oder die Nutzung von E-Mailadressen. Sofern Sie diese Kontakte nutzen, erfolgt die Eingabe personenbezogener Daten auf ausdr\u00fccklich freiwilliger Basis (Rechtsgrundlage ist Art. 6 Abs. 1 S. 1 lit. a DSGVO).<\/p>\n<p>Dies betrifft zum Beispiel Anfragen via E-Mail oder Kontaktformular oder auch Bestellungen von Informationsmaterial.<br \/>\nHier k\u00f6nnen gespeichert werden:<\/p>\n<ul>\n<li>Anrede<\/li>\n<li>Name<\/li>\n<li>Vorname<\/li>\n<li>E-Mail Adresse<\/li>\n<li>Stra\u00dfe<\/li>\n<li>Hausnummer<\/li>\n<li>Postleitzahl<\/li>\n<li>Ort<\/li>\n<li>Telefonnummer<\/li>\n<li>Betreff<\/li>\n<li>Ihre Nachricht<\/li>\n<li>Zeitstempel<\/li>\n<li>Benutzer<\/li>\n<li>IP-Adresse<\/li>\n<\/ul>\n<p>Bei Ihrer Kontaktaufnahme mit uns per E-Mail, \u00fcber ein Kontaktformular oder bei Bestellungen m\u00fcssen die von Ihnen freiwillig mitgeteilten Daten gespeichert werden, damit wir Ihrem Anliegen entgegen kommen k\u00f6nnen.<\/p>\n<p>Personen unter 16 Jahren sollten keine personenbezogenen Daten an uns \u00fcbermitteln, es sei denn die Zustimmung der Eltern oder Sorgeberechtigten (Tr\u00e4ger der elterlichen Verantwortung) wurde erteilt (Art. 8 Abs. 1 DSGVO). Die Zustimmung muss dann ausdr\u00fccklich in der Nachricht vermerkt sein\u00a0 (Art. 8 Abs. 2 DSGVO). Wir fordern keine personenbezogenen Daten von Kindern und Jugendlichen an. Wissentlich sammeln wir solche Daten nicht.<\/p>\n<p>Die von Ihnen eingegebenen pers\u00f6nlichen Daten verwenden wir nur zu dem von Ihnen gew\u00fcnschten Zweck und nur innerhalb der Landesregierung bzw. der mit dem jeweiligen Service beauftragten Beh\u00f6rden, Dienststellen und Institutionen.<\/p>\n<p>Die anfallenden personenbezogenen Daten, die wir per E-Mail oder Kontaktformular erhalten,\u00a0 l\u00f6schen wir, sobald die Speicherung nicht mehr f\u00fcr den von Ihnen verfolgten Zweck oder im Zusammenhang mit damit ausgel\u00f6sten Verwaltungsvorg\u00e4ngen und den\u00a0 hierf\u00fcr geltenden Aufbewahrungspflichten (Anlage zur Aktenordnung f\u00fcr den Gesch\u00e4ftsbereich des\u00a0 Ministeriums f\u00fcr Inneres und Kommunales des Landes Nordrhein-Westfalen (AktO); Runderlass des Ministeriums f\u00fcr Inneres und Kommunales &#8211; 51 &#8211; 17.05 -vom 25. Juli 2016) erforderlich ist.<\/p>\n<p>Bei der Bestellung von Informationsmaterial ist die Eingabe von personenbezogenen Daten erforderlich, die zur Abwicklung des Versands automatisiert an unseren Dienstleister weitergegeben werden. Der f\u00fcr Sie kostenlose Versand erfolgt durch die GWN:<\/p>\n<p>Gemeinn\u00fctzige Werkst\u00e4tten Neuss GmbH<br \/>\nBetriebsst\u00e4tte Am Henselsgraben<br \/>\nAm Henselsgraben 3<br \/>\n41470 Neuss<br \/>\nTelefon: 02131 9234-600<br \/>\nFax: 02131 9234-699<br \/>\nE-Mail: <a class=\"spamspan\" href=\"mailto:info@gwn-neuss.de\">info(at)gwn-neuss.de<\/a>.<\/p>\n<p>Die Bestellungen per Mail werden ausgedruckt und bearbeitet. Die Mails und Ausdrucke werden nach drei Monaten gel\u00f6scht bzw. der GWN internen Aktenvernichtung zugef\u00fchrt.<\/p>\n<p>Im Innenministerium werden zur internen Qualit\u00e4tskontrolle des Bestell- bzw. Brosch\u00fcrenversands Bestelldaten in einem Outlook-Postfach (gespeichert bei IT.NRW) vorgehalten. Darauf hat das Innenministerium Zugriff und die M\u00f6glichkeit der individuellen L\u00f6schung. Werden Daten gel\u00f6scht, hat man innerhalb von 7 Tagen Gelegenheit zur Wiederherstellung der Daten, insgesamt erm\u00f6glicht die Datensicherung von IT.NRW eine Datenwiederherstellung innerhalb von 2 Monaten, danach sind gel\u00f6schte Daten unwiderruflich aus der Datensicherung entfernt. Das Referat \u00d6AK l\u00f6scht die Outlook-Daten aus einem Bestellvorgang nach drei Monaten.<\/p>\n<p>Alle von dieser Website versandten E-Mails, z.B. Newsletter, werden nur an die von Ihnen angegebene Adresse geschickt. Die Adresse wird nicht ver\u00f6ffentlicht und wird nur zu dem\/der von Ihnen gew\u00fcnschten Zweck, Dienst oder Funktion verwendet.<\/p>\n<p><strong><\/p>\n<p>Nutzung von Cookies<br \/>\n<\/strong><br \/>\nDas Angebot verwendet so genannte \u201eCookies\u201c. Bei Cookies handelt es sich um kleine Textdateien, die auf Ihrem Rechner abgelegt werden und die Ihr Browser speichert. Diese dienen dazu, unser Angebot f\u00fcr Sie nutzerfreundlicher und effektiver zu machen.<\/p>\n<p>Sie k\u00f6nnen die Verwendung von Cookies dadurch unterbinden, indem Sie Ihren Internetbrowser so einstellen, dass dieser keine Cookies akzeptiert. Sie k\u00f6nnen in Ihren Browser aber auch festlegen, ob Sie \u00fcber das Setzen von Cookies informiert werden m\u00f6chten und Cookies nur im Einzelfall erlauben, ob Sie die Annahme von Cookies f\u00fcr bestimmte F\u00e4lle oder eben auch generell ausschlie\u00dfen. Au\u00dferdem k\u00f6nnen Sie das automatische L\u00f6schen der Cookies beim Schlie\u00dfen des Browser aktivieren. Wie man das macht, h\u00e4ngt von Ihrem Browser ab.<\/p>\n<p>Beim erstmaligen Besuch des Internetangebotes bzw. einer Seite werden Sie automatisch auf die\u00a0 Cookie-Nutzung hingewiesen.<\/p>\n<p>&nbsp;<\/p>\n<p><strong>Webanalyse<br \/>\n<\/strong><br \/>\nDerzeit wird kein Instrument zur Webanalyse eingesetzt.<\/p>\n<p><strong><br \/>\nWeitergabe personenbezogener Daten<br \/>\n<\/strong><br \/>\nDaten, die beim Zugriff auf die Internetseiten des Innenministeriums protokolliert oder f\u00fcr einen speziellen Dienst erhoben worden sind, werden an Dritte au\u00dferhalb der Landesregierung nur \u00fcbermittelt,<\/p>\n<ul>\n<li>soweit wir gesetzlich oder durch richterliche bzw. staatsanwaltschaftliche Anordnung dazu verpflichtet sind oder<\/li>\n<li>die Weitergabe im Falle von Angriffen auf die Internetinfrastruktur der Landesregierung zur Rechts- oder Strafverfolgung erforderlich ist.<\/li>\n<\/ul>\n<p>Wir weisen an dieser Stelle aber ausdr\u00fccklich darauf hin, dass die Nutzung von Sozialen Medien, die \u00fcber dieses Internetangebot &#8211; nach vorheriger Einwilligung &#8211; erreichbar werden, auch die \u00dcbermittlung von personenbezogenen Daten beinhalten kann.<\/p>\n<p><strong><br \/>\nSoziale Medien<br \/>\n<\/strong><br \/>\nAuf <a href=\"http:\/\/www.im.nrw\">www.im.nrw<\/a>\u00a0 werden verschiedene Soziale Medien \u00fcber Plugins eingebunden (auch \u201eWidgets\u201c genannt). Diese werden so angeboten, dass Daten erst nach Ihrer Zustimmung mittels einer sogenannten \u201eZwei-Klick-L\u00f6sung\u201c \u00fcbertragen werden k\u00f6nnen. Im Zuge der Zwei-Klick-L\u00f6sung werden Sie dazu aufgefordert, ausdr\u00fccklich und wissentlich zu entscheiden, ob Sie Plugins sozialer Medien auf im.nrw nutzen m\u00f6chten. Erst nach dieser Zustimmung k\u00f6nnen Sie auf die Sozialen Medien auf <a href=\"http:\/\/www.im.nrw\">www.im.nrw <\/a>zugreifen.<br \/>\nWenn Sie Soziale Medien auf im.nrw aktivieren, gelten f\u00fcr diese Anwendungen stets die Datenschutzbestimmungen des jeweiligen Dienstes. Wir bitten Sie deshalb ausdr\u00fccklich darum, vor der Aktivierung die entsprechenden Datenschutzbestimmungen zu beachten, weil im Zweifelsfall bei jedem Aufruf der Sozialen Medien von Ihrem Rechner Daten unmittelbar an deren Betreiber \u00fcbertragen werden.<\/p>\n<p>Welche Daten erhoben und wie sie im Einzelfall verarbeitet werden, ist von keinem der Dienste vollumf\u00e4nglich bekannt. Mit hoher Sicherheit werden mindestens folgende Daten erfasst, auch wenn Sie nicht angemeldet sind:<\/p>\n<ul>\n<li>IP-Adresse<\/li>\n<li>Uhrzeit des Webseitenaufrufs<\/li>\n<li>URL der Webseite, auf der das Plugin zum Einsatz kommt<\/li>\n<li>Standortbezogene Informationen (bei mobilen Endger\u00e4ten)<\/li>\n<li>Ger\u00e4tebezogene Informationen (z.B. das verwendete Betriebssystem und Browserinformationen)<\/li>\n<li>zuvor besuchte Webseiten zu Werbezwecken<\/li>\n<li>Daten unbeteiligter Dritter (z B. E-Mail-Adressen bei Weiterempfehlungen)<\/li>\n<\/ul>\n<p>Falls nicht anders angegeben, kann bei allen Diensten davon ausgegangen werden, dass zur Datenerfassung folgende Technologien in Plugins zum Einsatz kommen:<\/p>\n<ul>\n<li>Cookies (z. B. dauerhafte Speicherung ihrer Login-Daten), dies kann auch durch Drittanbieter wie Werbekunden geschehen<\/li>\n<li>Log-Dateien (Speicherung der Cookie-Daten auf den Servern des Dienstes)<\/li>\n<li>Analyse-Skripte (z.B. Erfassung des Click-Verhaltens auf einer Seite)<\/li>\n<li>Weiterleitung von geposteten Links (vorrangig bei Facebook und Twitter)<\/li>\n<li>Lokale Dateispeicherung (z.B. dauerhafte Zwischenspeicherung von Bildern)<\/li>\n<\/ul>\n<p>Alle Dienste geben personenbezogene Daten weiter<\/p>\n<ul>\n<li>an beauftragte Drittanbieter zur Erbringung ausgelagerter Dienstleistungen (z.B. Newsletter) und<\/li>\n<li>an Beh\u00f6rden, wenn Sie dazu rechtlich verpflichtet sind oder Verdacht auf eine Rechtsverletzung besteht, sowie<\/li>\n<li>an neue Gesch\u00e4ftsinhaber im Falle eines Firmenaufkaufs oder einer Insolvenz.<\/li>\n<\/ul>\n<p>Nachfolgend finden Sie Datenschutzhinweise, der hier eingebundenen Sozialen Medien, beschr\u00e4nkt auf die eingesetzten Plugins:<\/p>\n<p><strong>Facebook<\/strong><\/p>\n<ul>\n<li>Datenverwendungsrichtlinien: <a href=\"http:\/\/www.facebook.com\">www.facebook.com<\/a><\/li>\n<li>Wozu werden meine Daten erfasst?<\/li>\n<li>Nutzer-Authentifizierung<\/li>\n<li>Lokalisierung<\/li>\n<li>zielgerichtete Werbung (vorrangig auf den Seiten des Dienstes)<\/li>\n<li>Analyse und Forschung von Nutzerverhalten<\/li>\n<li>Statistik<\/li>\n<li>Weitergabe an Dritte: Neben der rechtlichen Verpflichtung zur Weitergabe an Beh\u00f6rden werden personenbezogene Daten anonymisiert auch an Werbetreibende weitergegeben.<\/li>\n<\/ul>\n<p>Ihre \u201ePrivatsph\u00e4re-Einstellungen\u201c k\u00f6nnen Sie im Benutzerkonto anpassen.<\/p>\n<p><strong>Twitter<\/strong><\/p>\n<ul>\n<li>Datenschutzrichtlinie: <a href=\"http:\/\/www.twitter.com\">www.twitter.com<\/a><\/li>\n<li>Wozu werden die Daten erfasst?<\/li>\n<li>Nutzer-Authentifizierung<\/li>\n<li>Lokalisierung<\/li>\n<li>zielgerichtete Werbung (vorrangig auf den Seiten des Dienstes)<\/li>\n<li>Statistik<\/li>\n<li>Weitergabe an Dritte: Twitter ist berechtigt, personenbezogene Daten anonymisiert an Dritte weiterzugeben.<\/li>\n<\/ul>\n<p>Ihre \u201eDatenschutzeinstellungen\u201c k\u00f6nnen Sie im Benutzerkonto anpassen.<\/p>\n<p><strong>YouTube<\/strong><\/p>\n<ul>\n<li>Datenschutzerkl\u00e4rung: <a href=\"http:\/\/www.google.de\">www.google.de<\/a><\/li>\n<li>Hinweis: YouTube ist ein Tochterunternehmen von Google<\/li>\n<li>Wozu werden die Daten erfasst?<\/li>\n<li>Nutzer-Authentifizierung<\/li>\n<li>zielgerichtete Werbung<\/li>\n<li>Analyse und Forschung von Nutzerverhalten<\/li>\n<li>Weitergabe an Dritte: Die Benutzerkonten aller Google-Dienste laufen zentral zusammen. Die erhobenen Daten werden mit anderen Google-Diensten automatisch verkn\u00fcpft. Anonymisierte Daten werden an Werbepartner und sonstige Dritte weitergegeben, z. B. zur Visualisierung von Trends und Statistiken.<\/li>\n<\/ul>\n<p>Alle Einstellungen lassen sich von Ihnen zentral im \u201eDashboard\u201c verwalten.<\/p>\n<p>Weitere Informationen zu Zweck und Umfang der Datenerhebung und ihrer Verarbeitung durch den Plug-in-Anbieter erhalten Sie in den Datenschutzerkl\u00e4rungen dieser Anbieter. Dort erhalten Sie auch weitere Informationen zu Ihren diesbez\u00fcglichen Rechten und Einstellungsm\u00f6glichkeiten zum Schutze Ihrer Privatsph\u00e4re.<\/p>\n<p>Adressen der jeweiligen Plug-in-Anbieter und URL mit deren Datenschutzhinweisen:<\/p>\n<p>Facebook Inc., 1601 S California Ave, Palo Alto, California 94304, USA; <a href=\"http:\/\/www.facebook.com\/policy.php\">http:\/\/www.facebook.com\/policy.php<\/a>; weitere Informationen zur Datenerhebung: <a href=\"http:\/\/www.facebook.com\/help\/186325668085084\">http:\/\/www.facebook.com\/help\/186325668085084<\/a>, <a href=\"http:\/\/www.facebook.com\/about\/privacy\/your-info-on-other#applications\">http:\/\/www.facebook.com\/about\/privacy\/your-info-on-other#applications<\/a>\u00a0 sowie <a href=\"http:\/\/www.facebook.com\/about\/privacy\/your-info#everyoneinfo\">http:\/\/www.facebook.com\/about\/privacy\/your-info#everyoneinfo<\/a>. Facebook hat sich dem EU-US-Privacy-Shield unterworfen, <a href=\"https:\/\/www.privacyshield.gov\/EU-US-Framework\">https:\/\/www.privacyshield.gov\/EU-US-Framework<\/a>.<\/p>\n<p>Twitter, Inc., 1355 Market St, Suite 900, San Francisco, California 94103, USA; <a href=\"https:\/\/twitter.com\/privacy\">https:\/\/twitter.com\/privacy<\/a>. Twitter hat sich dem EU-US-Privacy-Shield unterworfen, <a href=\"https:\/\/www.privacyshield.gov\/EU-US-Framework\">https:\/\/www.privacyshield.gov\/EU-US-Framework<\/a>.<\/p>\n<p>YouTube LLC, 901 Cherry Ave. San Bruno, CA 94066, USA. Vertreten durch: Google LLC, 1600 Amphitheatre Parkway, Mountain View, CA 94043, USA, vertreten durch Sundar Pichai (Chief Executive Officer). Zustellungsbevollm\u00e4chtigt f\u00fcr die YouTube LLC im Sinne von \u00a7 5 Abs. 1 NetzDG: Google Germany GmbH- Rechtsabteilung &#8211; ABC-Stra\u00dfe 19, 20354 Hamburg, Deutschland; <a href=\"https:\/\/policies.google.com\/privacy?hl=de\">https:\/\/policies.google.com\/privacy?hl=de<\/a>.<\/p>\n<p><strong>Allgemeines zum Datenschutz<br \/>\n<\/strong><br \/>\nIm Zuge der Weiterentwicklung des Internetangebotes k\u00f6nnen auch \u00c4nderungen dieser Datenschutzerkl\u00e4rung erforderlich werden. Wir empfehlen Ihnen deshalb, sich die Datenschutzerkl\u00e4rung von Zeit zu Zeit erneut durchzulesen.<\/p>\n<p>Allgemeines zum Thema Datenschutz finden Sie auf der Website der Landesbeauftragten f\u00fcr Datenschutz und Informationsfreiheit Nordrhein-Westfalen: <a href=\"http:\/\/www.ldi.nrw%20.de\">www.ldi.nrw.de<\/a><\/p>\n<p>Wir weisen darauf hin, dass Betreiber von fremden Internetseiten, die vom Portal aus verlinkt werden, die Daten von Besucherinnen bzw. Besuchern dieser Internetseiten erheben und auswerten k\u00f6nnen.<\/p>\n<p>Das <a href=\"https:\/\/www.vir.nrw.de\/?page_id=13\"><strong>Impressum <\/strong><\/a>finden Sie hier.<\/p>\n<\/div>\n<\/div>\n<\/div>\n","protected":false},"excerpt":{"rendered":"<p>Hinweis zum Datenschutz Bei jedem Zugriff auf Inhalte dieses Internetangebots werden folgende Daten gespeichert: Name der angeforderten Datei, Datum und Uhrzeit der Anforderung, \u00dcbertragene Datenmenge, Fehlerstatus und IP-Adresse des anfordernden Rechners. Nach Ablauf von sechs Wochen werden die Zugriffdaten anonymisiert, indem die IP-Adresse in den betreffenden Datens\u00e4tzen gel\u00f6scht wird. Die gespeicherten Daten werden ausschlie\u00dflich f\u00fcr &hellip; <a href=\"https:\/\/www.vir.nrw.de\/?page_id=621\" class=\"more-link\"><span class=\"screen-reader-text\">Datenschutzerkl\u00e4rung<\/span> weiterlesen <span class=\"meta-nav\">&rarr;<\/span><\/a><\/p>\n","protected":false},"author":1,"featured_media":0,"parent":0,"menu_order":0,"comment_status":"closed","ping_status":"closed","template":"","meta":{"footnotes":""},"class_list":["post-621","page","type-page","status-publish","hentry"],"_links":{"self":[{"href":"https:\/\/www.vir.nrw.de\/index.php?rest_route=\/wp\/v2\/pages\/621","targetHints":{"allow":["GET"]}}],"collection":[{"href":"https:\/\/www.vir.nrw.de\/index.php?rest_route=\/wp\/v2\/pages"}],"about":[{"href":"https:\/\/www.vir.nrw.de\/index.php?rest_route=\/wp\/v2\/types\/page"}],"author":[{"embeddable":true,"href":"https:\/\/www.vir.nrw.de\/index.php?rest_route=\/wp\/v2\/users\/1"}],"replies":[{"embeddable":true,"href":"https:\/\/www.vir.nrw.de\/index.php?rest_route=%2Fwp%2Fv2%2Fcomments&post=621"}],"version-history":[{"count":6,"href":"https:\/\/www.vir.nrw.de\/index.php?rest_route=\/wp\/v2\/pages\/621\/revisions"}],"predecessor-version":[{"id":631,"href":"https:\/\/www.vir.nrw.de\/index.php?rest_route=\/wp\/v2\/pages\/621\/revisions\/631"}],"wp:attachment":[{"href":"https:\/\/www.vir.nrw.de\/index.php?rest_route=%2Fwp%2Fv2%2Fmedia&parent=621"}],"curies":[{"name":"wp","href":"https:\/\/api.w.org\/{rel}","templated":true}]}}