{"id":22,"date":"2014-06-18T11:11:43","date_gmt":"2014-06-18T09:11:43","guid":{"rendered":"http:\/\/www.vir.nrw.de\/?page_id=22"},"modified":"2020-08-04T14:32:04","modified_gmt":"2020-08-04T12:32:04","slug":"ziele","status":"publish","type":"page","link":"https:\/\/www.vir.nrw.de\/?page_id=22","title":{"rendered":"Ziele"},"content":{"rendered":"<p>VIR soll Impulse setzen bei Zielgruppen, die der Verhaltens\u00e4nderung skeptisch gegen\u00fcberstehen und bei denen intensive Beratungsprozesse zun\u00e4chst aussichtslos sind. Daher setzt VIR auf Kurzinterventionen\u00a0&#8211; \u201eT\u00fcr und Angel\u201c-Gespr\u00e4che bzw. Kurzberatungen im Spektrum von zehn bis 60 Minuten. Die Methoden des VIR-Konzepts sollen helfen, rechtsorientierte Jugendliche und junge Erwachsene bedarfsgerecht zu einer Ver\u00e4nderung zu ermutigen. Typische Gespr\u00e4chssituationen sind zum Beispiel:<\/p>\n<ul>\n<li>Pausengespr\u00e4che mit Schulsozialarbeiterinnen und -sozialarbeitern, Lehrerinnen und Lehrern,<\/li>\n<li>Gespr\u00e4che im Jugendzentrum, Verein oder in der Wohngruppe,<\/li>\n<li>Gespr\u00e4che zwischen Strafgefangenen und Besch\u00e4ftigten in einer JVA.<\/li>\n<\/ul>\n<p>VIR ist angelehnt an das erfolgreiche Fortbildungskonzept MOVE (Motivierende Kurzintervention), das aus der Suchtpr\u00e4vention stammt und von der Landeskoordinierungsstelle f\u00fcr Suchtvorbeugung\u00a0&#8211; der <a href=\"http:\/\/www.ginko-stiftung.de\/move\/default.aspx\" target=\"_blank\" rel=\"noopener noreferrer\">ginko Stiftung <\/a>f\u00fcr Pr\u00e4vention in M\u00fclheim a. d. Ruhr \u2013 entwickelt wurde. Im Zusammenwirken mehrerer Fachstellen wurde die Konzeption \u00fcbertragen, um Distanzierungsprozesse bei rechtsorientierten Jugendlichen und jungen Erwachsenen zu f\u00f6rdern.<\/p>\n<ul>\n<li><a title=\"Kooperationspartner\" href=\"http:\/\/www.vir.nrw.de\/?page_id=24\">Kooperationspartner<\/a><\/li>\n<li><a title=\"Steuerungsgruppe\" href=\"http:\/\/www.vir.nrw.de\/?page_id=26\">Steuerungsgruppe<\/a><\/li>\n<\/ul>\n","protected":false},"excerpt":{"rendered":"<p>VIR soll Impulse setzen bei Zielgruppen, die der Verhaltens\u00e4nderung skeptisch gegen\u00fcberstehen und bei denen intensive Beratungsprozesse zun\u00e4chst aussichtslos sind. Daher setzt VIR auf Kurzinterventionen\u00a0&#8211; \u201eT\u00fcr und Angel\u201c-Gespr\u00e4che bzw. Kurzberatungen im Spektrum von zehn bis 60 Minuten. Die Methoden des VIR-Konzepts sollen helfen, rechtsorientierte Jugendliche und junge Erwachsene bedarfsgerecht zu einer Ver\u00e4nderung zu ermutigen. Typische Gespr\u00e4chssituationen &hellip; <a href=\"https:\/\/www.vir.nrw.de\/?page_id=22\" class=\"more-link\"><span class=\"screen-reader-text\">Ziele<\/span> weiterlesen <span class=\"meta-nav\">&rarr;<\/span><\/a><\/p>\n","protected":false},"author":1,"featured_media":0,"parent":20,"menu_order":0,"comment_status":"closed","ping_status":"closed","template":"","meta":{"footnotes":""},"class_list":["post-22","page","type-page","status-publish","hentry"],"_links":{"self":[{"href":"https:\/\/www.vir.nrw.de\/index.php?rest_route=\/wp\/v2\/pages\/22","targetHints":{"allow":["GET"]}}],"collection":[{"href":"https:\/\/www.vir.nrw.de\/index.php?rest_route=\/wp\/v2\/pages"}],"about":[{"href":"https:\/\/www.vir.nrw.de\/index.php?rest_route=\/wp\/v2\/types\/page"}],"author":[{"embeddable":true,"href":"https:\/\/www.vir.nrw.de\/index.php?rest_route=\/wp\/v2\/users\/1"}],"replies":[{"embeddable":true,"href":"https:\/\/www.vir.nrw.de\/index.php?rest_route=%2Fwp%2Fv2%2Fcomments&post=22"}],"version-history":[{"count":11,"href":"https:\/\/www.vir.nrw.de\/index.php?rest_route=\/wp\/v2\/pages\/22\/revisions"}],"predecessor-version":[{"id":789,"href":"https:\/\/www.vir.nrw.de\/index.php?rest_route=\/wp\/v2\/pages\/22\/revisions\/789"}],"up":[{"embeddable":true,"href":"https:\/\/www.vir.nrw.de\/index.php?rest_route=\/wp\/v2\/pages\/20"}],"wp:attachment":[{"href":"https:\/\/www.vir.nrw.de\/index.php?rest_route=%2Fwp%2Fv2%2Fmedia&parent=22"}],"curies":[{"name":"wp","href":"https:\/\/api.w.org\/{rel}","templated":true}]}}